
{"id":17,"date":"2023-06-30T14:53:16","date_gmt":"2023-06-30T17:53:16","guid":{"rendered":"https:\/\/escolachampagnat.com.br\/birigui\/?page_id=17"},"modified":"2024-03-26T09:22:59","modified_gmt":"2024-03-26T12:22:59","slug":"fale-com-a-gente","status":"publish","type":"page","link":"https:\/\/escolachampagnat.com.br\/birigui\/fale-com-a-gente\/","title":{"rendered":"Fale com a gente"},"content":{"rendered":"\t\t<div data-elementor-type=\"wp-page\" data-elementor-id=\"17\" class=\"elementor elementor-17\">\n\t\t\t\t\t\t<section class=\"elementor-section elementor-top-section elementor-element elementor-element-c6e1493 elementor-section-boxed elementor-section-height-default elementor-section-height-default\" data-id=\"c6e1493\" data-element_type=\"section\" data-e-type=\"section\">\n\t\t\t\t\t\t<div class=\"elementor-container elementor-column-gap-default\">\n\t\t\t\t\t<div class=\"elementor-column elementor-col-100 elementor-top-column elementor-element elementor-element-18cee89\" data-id=\"18cee89\" data-element_type=\"column\" data-e-type=\"column\">\n\t\t\t<div class=\"elementor-widget-wrap elementor-element-populated\">\n\t\t\t\t\t\t<section class=\"elementor-section elementor-inner-section elementor-element elementor-element-9c1c254 elementor-section-boxed elementor-section-height-default elementor-section-height-default\" data-id=\"9c1c254\" data-element_type=\"section\" data-e-type=\"section\">\n\t\t\t\t\t\t<div class=\"elementor-container elementor-column-gap-default\">\n\t\t\t\t\t<div class=\"elementor-column elementor-col-50 elementor-inner-column elementor-element elementor-element-a39b248\" data-id=\"a39b248\" data-element_type=\"column\" data-e-type=\"column\">\n\t\t\t<div class=\"elementor-widget-wrap elementor-element-populated\">\n\t\t\t\t\t\t<div class=\"elementor-element elementor-element-7946f65 elementor-widget elementor-widget-shortcode\" data-id=\"7946f65\" data-element_type=\"widget\" data-e-type=\"widget\" data-widget_type=\"shortcode.default\">\n\t\t\t\t<div class=\"elementor-widget-container\">\n\t\t\t\t\t\t\t<div class=\"elementor-shortcode\"><div class=\"breadcrumb\"><a href=\"https:\/\/escolachampagnat.com.br\/birigui\">Home<\/a> > Fale com a gente<\/div><\/div>\n\t\t\t\t\t\t<\/div>\n\t\t\t\t<\/div>\n\t\t\t\t<div class=\"elementor-element elementor-element-f25d599 elementor-widget elementor-widget-heading\" data-id=\"f25d599\" data-element_type=\"widget\" data-e-type=\"widget\" data-widget_type=\"heading.default\">\n\t\t\t\t<div class=\"elementor-widget-container\">\n\t\t\t\t\t<h3 class=\"elementor-heading-title elementor-size-default\">Entre em contato conosco<\/h3>\t\t\t\t<\/div>\n\t\t\t\t<\/div>\n\t\t\t\t<div class=\"elementor-element elementor-element-283e0f0 elementor-widget__width-initial elementor-widget-mobile__width-inherit elementor-widget elementor-widget-heading\" data-id=\"283e0f0\" data-element_type=\"widget\" data-e-type=\"widget\" data-widget_type=\"heading.default\">\n\t\t\t\t<div class=\"elementor-widget-container\">\n\t\t\t\t\t<h4 class=\"elementor-heading-title elementor-size-default\">Assessoria de imprensa\n<\/h4>\t\t\t\t<\/div>\n\t\t\t\t<\/div>\n\t\t\t\t<div class=\"elementor-element elementor-element-3ae71c9 elementor-widget__width-initial elementor-widget-mobile__width-inherit elementor-widget elementor-widget-text-editor\" data-id=\"3ae71c9\" data-element_type=\"widget\" data-e-type=\"widget\" data-widget_type=\"text-editor.default\">\n\t\t\t\t<div class=\"elementor-widget-container\">\n\t\t\t\t\t\t\t\t\tA Assessoria de Imprensa da Escola Champagnat est\u00e1 sempre dispon\u00edvel para contribuir com o trabalho da m\u00eddia. Para mais informa\u00e7\u00f5es, fale com:\n\t\t\t\t\t\t\t\t<\/div>\n\t\t\t\t<\/div>\n\t\t\t\t<div class=\"elementor-element elementor-element-4b79c5d elementor-widget elementor-widget-heading\" data-id=\"4b79c5d\" data-element_type=\"widget\" data-e-type=\"widget\" data-widget_type=\"heading.default\">\n\t\t\t\t<div class=\"elementor-widget-container\">\n\t\t\t\t\t<p class=\"elementor-heading-title elementor-size-default\"><a href=\"mailto:marista@pg1com.com\">marista@pg1com.com<\/a><\/p>\t\t\t\t<\/div>\n\t\t\t\t<\/div>\n\t\t\t\t<div class=\"elementor-element elementor-element-7566d3e elementor-widget elementor-widget-spacer\" data-id=\"7566d3e\" data-element_type=\"widget\" data-e-type=\"widget\" data-widget_type=\"spacer.default\">\n\t\t\t\t<div class=\"elementor-widget-container\">\n\t\t\t\t\t\t\t<div class=\"elementor-spacer\">\n\t\t\t<div class=\"elementor-spacer-inner\"><\/div>\n\t\t<\/div>\n\t\t\t\t\t\t<\/div>\n\t\t\t\t<\/div>\n\t\t\t\t<div class=\"elementor-element elementor-element-4d3ae24 elementor-widget__width-initial elementor-widget-mobile__width-inherit elementor-widget elementor-widget-heading\" data-id=\"4d3ae24\" data-element_type=\"widget\" data-e-type=\"widget\" data-widget_type=\"heading.default\">\n\t\t\t\t<div class=\"elementor-widget-container\">\n\t\t\t\t\t<h4 class=\"elementor-heading-title elementor-size-default\">Canais de Di\u00e1logo<\/h4>\t\t\t\t<\/div>\n\t\t\t\t<\/div>\n\t\t\t\t<div class=\"elementor-element elementor-element-27628ab elementor-widget__width-initial elementor-widget-mobile__width-inherit elementor-widget elementor-widget-text-editor\" data-id=\"27628ab\" data-element_type=\"widget\" data-e-type=\"widget\" data-widget_type=\"text-editor.default\">\n\t\t\t\t<div class=\"elementor-widget-container\">\n\t\t\t\t\t\t\t\t\t<p><b> <\/b>Espa\u00e7o exclusivo para a comunica\u00e7\u00e3o de condutas consideradas anti\u00e9ticas e\/ou que violem as pol\u00edticas do Marista Brasil.<\/p>\t\t\t\t\t\t\t\t<\/div>\n\t\t\t\t<\/div>\n\t\t\t\t<div class=\"elementor-element elementor-element-cfe0a4f elementor-align-left elementor-widget elementor-widget-button\" data-id=\"cfe0a4f\" data-element_type=\"widget\" data-e-type=\"widget\" data-widget_type=\"button.default\">\n\t\t\t\t<div class=\"elementor-widget-container\">\n\t\t\t\t\t\t\t\t\t<div class=\"elementor-button-wrapper\">\n\t\t\t\t\t<a class=\"elementor-button elementor-button-link elementor-size-sm\" href=\"https:\/\/www.canaldeetica.com.br\/canaisdedialogomb\/\" target=\"_blank\">\n\t\t\t\t\t\t<span class=\"elementor-button-content-wrapper\">\n\t\t\t\t\t\t\t\t\t<span class=\"elementor-button-text\">&gt; Acesse<\/span>\n\t\t\t\t\t<\/span>\n\t\t\t\t\t<\/a>\n\t\t\t\t<\/div>\n\t\t\t\t\t\t\t\t<\/div>\n\t\t\t\t<\/div>\n\t\t\t\t\t<\/div>\n\t\t<\/div>\n\t\t\t\t<div class=\"elementor-column elementor-col-50 elementor-inner-column elementor-element elementor-element-49edcf8\" data-id=\"49edcf8\" data-element_type=\"column\" data-e-type=\"column\">\n\t\t\t<div class=\"elementor-widget-wrap elementor-element-populated\">\n\t\t\t\t\t\t<div class=\"elementor-element elementor-element-dd6b42d eael-contact-form-7-button-full-width form-contato elementor-widget elementor-widget-eael-contact-form-7\" data-id=\"dd6b42d\" data-element_type=\"widget\" data-e-type=\"widget\" data-widget_type=\"eael-contact-form-7.default\">\n\t\t\t\t<div class=\"elementor-widget-container\">\n\t\t\t\t\t<div class=\"eael-contact-form-7-wrapper\">\n                <div class=\"eael-contact-form eael-contact-form-7 eael-contact-form-dd6b42d placeholder-show eael-contact-form-align-center\"><div class=\"eael-contact-form-7-heading\"><h3 class=\"eael-contact-form-title eael-contact-form-7-title\">\n                                    ENVIE SUA MENSAGEM\n                                <\/h3><\/div>\n<div class=\"wpcf7 no-js\" id=\"wpcf7-f5-o1\" lang=\"pt-BR\" dir=\"ltr\" data-wpcf7-id=\"5\">\n<div class=\"screen-reader-response\"><p role=\"status\" aria-live=\"polite\" aria-atomic=\"true\"><\/p> <ul><\/ul><\/div>\n<form action=\"\/birigui\/wp-json\/wp\/v2\/pages\/17#wpcf7-f5-o1\" method=\"post\" class=\"wpcf7-form init\" aria-label=\"Formul\u00e1rios de contato\" novalidate=\"novalidate\" data-status=\"init\">\n<fieldset class=\"hidden-fields-container\"><input type=\"hidden\" name=\"_wpcf7\" value=\"5\" \/><input type=\"hidden\" name=\"_wpcf7_version\" value=\"6.1.5\" \/><input type=\"hidden\" name=\"_wpcf7_locale\" value=\"pt_BR\" \/><input type=\"hidden\" name=\"_wpcf7_unit_tag\" value=\"wpcf7-f5-o1\" \/><input type=\"hidden\" name=\"_wpcf7_container_post\" value=\"0\" \/><input type=\"hidden\" name=\"_wpcf7_posted_data_hash\" value=\"\" \/>\n<\/fieldset>\n<p><label>Nome completo<br \/>\n<span class=\"wpcf7-form-control-wrap\" data-name=\"nome\"><input size=\"40\" maxlength=\"400\" class=\"wpcf7-form-control wpcf7-text wpcf7-validates-as-required\" aria-required=\"true\" aria-invalid=\"false\" placeholder=\"Informe seu nome completo\" value=\"\" type=\"text\" name=\"nome\" \/><\/span><\/label><br \/>\n<label>E-mail<br \/>\n<span class=\"wpcf7-form-control-wrap\" data-name=\"email\"><input size=\"40\" maxlength=\"400\" class=\"wpcf7-form-control wpcf7-email wpcf7-validates-as-required wpcf7-text wpcf7-validates-as-email\" aria-required=\"true\" aria-invalid=\"false\" placeholder=\"Informe um e-mail v\u00e1lido\" value=\"\" type=\"email\" name=\"email\" \/><\/span><\/label><br \/>\n<label>Celular<br \/>\n<span class=\"wpcf7-form-control-wrap\" data-name=\"celular\"><input size=\"40\" maxlength=\"400\" class=\"wpcf7-form-control wpcf7-tel wpcf7-validates-as-required wpcf7-text wpcf7-validates-as-tel celular\" id=\"celular\" aria-required=\"true\" aria-invalid=\"false\" placeholder=\"(__) _____-____\" value=\"\" type=\"tel\" name=\"celular\" \/><\/span><\/label><br \/>\n<label>Com qual unidade deseja falar?<br \/>\n<span class=\"wpcf7-form-control-wrap\" data-name=\"unidade\"><select class=\"wpcf7-form-control wpcf7-select wpcf7-validates-as-required unidade\" id=\"unidade\" aria-required=\"true\" aria-invalid=\"false\" name=\"unidade\"><option value=\"Birigui\">Birigui<\/option><option value=\"Presidente Prudente\">Presidente Prudente<\/option><option value=\"Pinhal\">Pinhal<\/option><option value=\"Adamantina\">Adamantina<\/option><\/select><\/span><br \/>\n<\/label><br \/>\n<label>Eu sou:<br \/>\n<span class=\"wpcf7-form-control-wrap\" data-name=\"perfil\"><select class=\"wpcf7-form-control wpcf7-select wpcf7-validates-as-required perfil\" id=\"perfil\" aria-required=\"true\" aria-invalid=\"false\" name=\"perfil\"><option value=\"Fam\u00edlia interessada em matricular aluno\">Fam\u00edlia interessada em matricular aluno<\/option><option value=\"Aluno ou respons\u00e1vel\">Aluno ou respons\u00e1vel<\/option><option value=\"Professor\">Professor<\/option><option value=\"Outro\">Outro<\/option><\/select><\/span><br \/>\n<\/label><br \/>\n<label>Assunto<br \/>\n<span class=\"wpcf7-form-control-wrap\" data-name=\"assunto\"><select class=\"wpcf7-form-control wpcf7-select wpcf7-validates-as-required assunto\" id=\"assunto\" aria-required=\"true\" aria-invalid=\"false\" name=\"assunto\"><option value=\"Agendamento de visita\">Agendamento de visita<\/option><option value=\"Informa\u00e7\u00f5es sobre matr\u00edcula\">Informa\u00e7\u00f5es sobre matr\u00edcula<\/option><option value=\"Outro\">Outro<\/option><\/select><\/span><\/label><br \/>\n<br \/>\n<label>Mensagem:<br \/>\n<span class=\"wpcf7-form-control-wrap\" data-name=\"mensagem\"><textarea cols=\"40\" rows=\"10\" maxlength=\"2000\" class=\"wpcf7-form-control wpcf7-textarea\" aria-invalid=\"false\" placeholder=\"Escreva sua mensagem\" name=\"mensagem\"><\/textarea><\/span><br \/>\n<\/label><br \/>\n<span class=\"wpcf7-form-control-wrap\" data-name=\"aceite\"><span class=\"wpcf7-form-control wpcf7-acceptance\"><span class=\"wpcf7-list-item\"><label><input type=\"checkbox\" name=\"aceite\" value=\"1\" class=\"aceite\" aria-invalid=\"false\" \/><span class=\"wpcf7-list-item-label\">Aceito comunicar meus dados neste formul\u00e1rio e receber o retorno da Escola Champagnat e nova comunica\u00e7\u00f5es futuras.<\/span><\/label><\/span><\/span><\/span>\n<\/p>\n<p><label><br \/>\n<input class=\"wpcf7-form-control wpcf7-submit has-spinner enviar\" id=\"enviar\" type=\"submit\" value=\"Enviar\" \/><br \/>\n<\/label>\n<\/p><div class=\"wpcf7-response-output\" aria-hidden=\"true\"><\/div>\n<\/form>\n<\/div>\n<\/div>\n            <\/div>\t\t\t\t<\/div>\n\t\t\t\t<\/div>\n\t\t\t\t\t<\/div>\n\t\t<\/div>\n\t\t\t\t\t<\/div>\n\t\t<\/section>\n\t\t\t\t\t<\/div>\n\t\t<\/div>\n\t\t\t\t\t<\/div>\n\t\t<\/section>\n\t\t\t\t<\/div>\n\t\t","protected":false},"excerpt":{"rendered":"<p>Entre em contato conosco Assessoria de imprensa A Assessoria de Imprensa da Escola Champagnat est\u00e1 sempre dispon\u00edvel para contribuir com o trabalho da m\u00eddia. Para mais informa\u00e7\u00f5es, fale com: marista@pg1com.com Canais de Di\u00e1logo Espa\u00e7o exclusivo para a comunica\u00e7\u00e3o de condutas consideradas anti\u00e9ticas e\/ou que violem as pol\u00edticas do Marista Brasil. &gt; Acesse ENVIE SUA MENSAGEM [&hellip;]<\/p>\n","protected":false},"author":1,"featured_media":0,"parent":0,"menu_order":6,"comment_status":"closed","ping_status":"closed","template":"","meta":{"_acf_changed":false,"footnotes":""},"class_list":["post-17","page","type-page","status-publish","hentry"],"acf":[],"yoast_head":"<!-- This site is optimized with the Yoast SEO plugin v27.2 - https:\/\/yoast.com\/product\/yoast-seo-wordpress\/ -->\n<title>Fale com a gente - Escola Champagnat Birigui - Experientes em educar. Especialistas em acolher.<\/title>\n<meta name=\"description\" content=\"Envie sua mensagem para a Escola Champagnat.\" \/>\n<meta name=\"robots\" content=\"index, follow, max-snippet:-1, max-image-preview:large, max-video-preview:-1\" \/>\n<link rel=\"canonical\" href=\"https:\/\/escolachampagnat.com.br\/birigui\/fale-com-a-gente\/\" \/>\n<meta property=\"og:locale\" content=\"pt_BR\" \/>\n<meta property=\"og:type\" content=\"article\" \/>\n<meta property=\"og:title\" content=\"Fale com a gente - Escola Champagnat Birigui - Experientes em educar. Especialistas em acolher.\" \/>\n<meta property=\"og:description\" content=\"Envie sua mensagem para a Escola Champagnat.\" \/>\n<meta property=\"og:url\" content=\"https:\/\/escolachampagnat.com.br\/birigui\/fale-com-a-gente\/\" \/>\n<meta property=\"og:site_name\" content=\"Escola Champagnat Birigui - Experientes em educar. Especialistas em acolher.\" \/>\n<meta property=\"article:modified_time\" content=\"2024-03-26T12:22:59+00:00\" \/>\n<meta property=\"og:image\" content=\"https:\/\/escolachampagnat.com.br\/birigui\/wp-content\/uploads\/2023\/07\/768x300.jpg\" \/>\n\t<meta property=\"og:image:width\" content=\"768\" \/>\n\t<meta property=\"og:image:height\" content=\"300\" \/>\n\t<meta property=\"og:image:type\" content=\"image\/jpeg\" \/>\n<meta name=\"twitter:card\" content=\"summary_large_image\" \/>\n<meta name=\"twitter:label1\" content=\"Est. tempo de leitura\" \/>\n\t<meta name=\"twitter:data1\" content=\"1 minuto\" \/>\n<script type=\"application\/ld+json\" class=\"yoast-schema-graph\">{\"@context\":\"https:\/\/schema.org\",\"@graph\":[{\"@type\":\"WebPage\",\"@id\":\"https:\/\/escolachampagnat.com.br\/birigui\/fale-com-a-gente\/\",\"url\":\"https:\/\/escolachampagnat.com.br\/birigui\/fale-com-a-gente\/\",\"name\":\"Fale com a gente - Escola Champagnat Birigui - Experientes em educar. Especialistas em acolher.\",\"isPartOf\":{\"@id\":\"https:\/\/escolachampagnat.com.br\/birigui\/#website\"},\"datePublished\":\"2023-06-30T17:53:16+00:00\",\"dateModified\":\"2024-03-26T12:22:59+00:00\",\"description\":\"Envie sua mensagem para a Escola Champagnat.\",\"breadcrumb\":{\"@id\":\"https:\/\/escolachampagnat.com.br\/birigui\/fale-com-a-gente\/#breadcrumb\"},\"inLanguage\":\"pt-BR\",\"potentialAction\":[{\"@type\":\"ReadAction\",\"target\":[\"https:\/\/escolachampagnat.com.br\/birigui\/fale-com-a-gente\/\"]}]},{\"@type\":\"BreadcrumbList\",\"@id\":\"https:\/\/escolachampagnat.com.br\/birigui\/fale-com-a-gente\/#breadcrumb\",\"itemListElement\":[{\"@type\":\"ListItem\",\"position\":1,\"name\":\"In\u00edcio\",\"item\":\"https:\/\/escolachampagnat.com.br\/birigui\/\"},{\"@type\":\"ListItem\",\"position\":2,\"name\":\"Fale com a gente\"}]},{\"@type\":\"WebSite\",\"@id\":\"https:\/\/escolachampagnat.com.br\/birigui\/#website\",\"url\":\"https:\/\/escolachampagnat.com.br\/birigui\/\",\"name\":\"Escola Champagnat Birigui - Educa\u00e7\u00e3o ao seu alcance\",\"description\":\"\",\"publisher\":{\"@id\":\"https:\/\/escolachampagnat.com.br\/birigui\/#organization\"},\"potentialAction\":[{\"@type\":\"SearchAction\",\"target\":{\"@type\":\"EntryPoint\",\"urlTemplate\":\"https:\/\/escolachampagnat.com.br\/birigui\/?s={search_term_string}\"},\"query-input\":{\"@type\":\"PropertyValueSpecification\",\"valueRequired\":true,\"valueName\":\"search_term_string\"}}],\"inLanguage\":\"pt-BR\"},{\"@type\":\"Organization\",\"@id\":\"https:\/\/escolachampagnat.com.br\/birigui\/#organization\",\"name\":\"Escola Champagnat Birigui - Educa\u00e7\u00e3o ao seu alcance\",\"url\":\"https:\/\/escolachampagnat.com.br\/birigui\/\",\"logo\":{\"@type\":\"ImageObject\",\"inLanguage\":\"pt-BR\",\"@id\":\"https:\/\/escolachampagnat.com.br\/birigui\/#\/schema\/logo\/image\/\",\"url\":\"https:\/\/escolachampagnat.com.br\/birigui\/wp-content\/uploads\/2023\/07\/768x300.jpg\",\"contentUrl\":\"https:\/\/escolachampagnat.com.br\/birigui\/wp-content\/uploads\/2023\/07\/768x300.jpg\",\"width\":768,\"height\":300,\"caption\":\"Escola Champagnat Birigui - Educa\u00e7\u00e3o ao seu alcance\"},\"image\":{\"@id\":\"https:\/\/escolachampagnat.com.br\/birigui\/#\/schema\/logo\/image\/\"}}]}<\/script>\n<!-- \/ Yoast SEO plugin. -->","yoast_head_json":{"title":"Fale com a gente - Escola Champagnat Birigui - Experientes em educar. Especialistas em acolher.","description":"Envie sua mensagem para a Escola Champagnat.","robots":{"index":"index","follow":"follow","max-snippet":"max-snippet:-1","max-image-preview":"max-image-preview:large","max-video-preview":"max-video-preview:-1"},"canonical":"https:\/\/escolachampagnat.com.br\/birigui\/fale-com-a-gente\/","og_locale":"pt_BR","og_type":"article","og_title":"Fale com a gente - Escola Champagnat Birigui - Experientes em educar. Especialistas em acolher.","og_description":"Envie sua mensagem para a Escola Champagnat.","og_url":"https:\/\/escolachampagnat.com.br\/birigui\/fale-com-a-gente\/","og_site_name":"Escola Champagnat Birigui - Experientes em educar. Especialistas em acolher.","article_modified_time":"2024-03-26T12:22:59+00:00","og_image":[{"width":768,"height":300,"url":"https:\/\/escolachampagnat.com.br\/birigui\/wp-content\/uploads\/2023\/07\/768x300.jpg","type":"image\/jpeg"}],"twitter_card":"summary_large_image","twitter_misc":{"Est. tempo de leitura":"1 minuto"},"schema":{"@context":"https:\/\/schema.org","@graph":[{"@type":"WebPage","@id":"https:\/\/escolachampagnat.com.br\/birigui\/fale-com-a-gente\/","url":"https:\/\/escolachampagnat.com.br\/birigui\/fale-com-a-gente\/","name":"Fale com a gente - Escola Champagnat Birigui - Experientes em educar. Especialistas em acolher.","isPartOf":{"@id":"https:\/\/escolachampagnat.com.br\/birigui\/#website"},"datePublished":"2023-06-30T17:53:16+00:00","dateModified":"2024-03-26T12:22:59+00:00","description":"Envie sua mensagem para a Escola Champagnat.","breadcrumb":{"@id":"https:\/\/escolachampagnat.com.br\/birigui\/fale-com-a-gente\/#breadcrumb"},"inLanguage":"pt-BR","potentialAction":[{"@type":"ReadAction","target":["https:\/\/escolachampagnat.com.br\/birigui\/fale-com-a-gente\/"]}]},{"@type":"BreadcrumbList","@id":"https:\/\/escolachampagnat.com.br\/birigui\/fale-com-a-gente\/#breadcrumb","itemListElement":[{"@type":"ListItem","position":1,"name":"In\u00edcio","item":"https:\/\/escolachampagnat.com.br\/birigui\/"},{"@type":"ListItem","position":2,"name":"Fale com a gente"}]},{"@type":"WebSite","@id":"https:\/\/escolachampagnat.com.br\/birigui\/#website","url":"https:\/\/escolachampagnat.com.br\/birigui\/","name":"Escola Champagnat Birigui - Educa\u00e7\u00e3o ao seu alcance","description":"","publisher":{"@id":"https:\/\/escolachampagnat.com.br\/birigui\/#organization"},"potentialAction":[{"@type":"SearchAction","target":{"@type":"EntryPoint","urlTemplate":"https:\/\/escolachampagnat.com.br\/birigui\/?s={search_term_string}"},"query-input":{"@type":"PropertyValueSpecification","valueRequired":true,"valueName":"search_term_string"}}],"inLanguage":"pt-BR"},{"@type":"Organization","@id":"https:\/\/escolachampagnat.com.br\/birigui\/#organization","name":"Escola Champagnat Birigui - Educa\u00e7\u00e3o ao seu alcance","url":"https:\/\/escolachampagnat.com.br\/birigui\/","logo":{"@type":"ImageObject","inLanguage":"pt-BR","@id":"https:\/\/escolachampagnat.com.br\/birigui\/#\/schema\/logo\/image\/","url":"https:\/\/escolachampagnat.com.br\/birigui\/wp-content\/uploads\/2023\/07\/768x300.jpg","contentUrl":"https:\/\/escolachampagnat.com.br\/birigui\/wp-content\/uploads\/2023\/07\/768x300.jpg","width":768,"height":300,"caption":"Escola Champagnat Birigui - Educa\u00e7\u00e3o ao seu alcance"},"image":{"@id":"https:\/\/escolachampagnat.com.br\/birigui\/#\/schema\/logo\/image\/"}}]}},"_links":{"self":[{"href":"https:\/\/escolachampagnat.com.br\/birigui\/wp-json\/wp\/v2\/pages\/17","targetHints":{"allow":["GET"]}}],"collection":[{"href":"https:\/\/escolachampagnat.com.br\/birigui\/wp-json\/wp\/v2\/pages"}],"about":[{"href":"https:\/\/escolachampagnat.com.br\/birigui\/wp-json\/wp\/v2\/types\/page"}],"author":[{"embeddable":true,"href":"https:\/\/escolachampagnat.com.br\/birigui\/wp-json\/wp\/v2\/users\/1"}],"replies":[{"embeddable":true,"href":"https:\/\/escolachampagnat.com.br\/birigui\/wp-json\/wp\/v2\/comments?post=17"}],"version-history":[{"count":83,"href":"https:\/\/escolachampagnat.com.br\/birigui\/wp-json\/wp\/v2\/pages\/17\/revisions"}],"predecessor-version":[{"id":3337,"href":"https:\/\/escolachampagnat.com.br\/birigui\/wp-json\/wp\/v2\/pages\/17\/revisions\/3337"}],"wp:attachment":[{"href":"https:\/\/escolachampagnat.com.br\/birigui\/wp-json\/wp\/v2\/media?parent=17"}],"curies":[{"name":"wp","href":"https:\/\/api.w.org\/{rel}","templated":true}]}}